{"id":7,"date":"2025-07-09T19:17:19","date_gmt":"2025-07-09T19:17:19","guid":{"rendered":"https:\/\/ecce-matrix.com\/?page_id=7"},"modified":"2025-12-02T15:54:34","modified_gmt":"2025-12-02T15:54:34","slug":"datenschutzerklaerung","status":"publish","type":"page","link":"https:\/\/ecce-matrix.com\/?page_id=7","title":{"rendered":"Datenschutzerkl\u00e4rung"},"content":{"rendered":"\n<h4 class=\"wp-block-heading\">VERANTWORTLICHKEIT<\/h4>\n\n\n\n<p class=\"has-kenta-accent-color has-text-color has-link-color wp-elements-2920b407f56b37b715aa01eb89bd87d5 wp-block-paragraph\">Ihr Vertrauen ist uns wichtig \u2013 unser Umgang mit Daten.<\/p>\n\n\n\n<p class=\"has-kenta-accent-color has-text-color has-link-color wp-elements-31c8b15f203cae979fb99a73028f33cc wp-block-paragraph\">Die Adresse unserer Website ist: https:\/\/ecce-matrix.com.<\/p>\n\n\n\n<p class=\"has-kenta-accent-color has-text-color has-link-color wp-elements-9f777a118ae066622f3d5b7c3da5a5d3 wp-block-paragraph\"><strong>RECELURA UG (haftungsbeschr\u00e4nkt)<\/strong><br>Fasanenweg 7<br>66424 Homburg <br>Deutschland<br>E-Mail: <a>webmaster@ecce-matrix.com<\/a><\/p>\n\n\n\n<h4 class=\"wp-block-heading\">Allgemeines zur Datenverarbeitung<\/h4>\n\n\n\n<p class=\"has-kenta-accent-color has-text-color has-link-color wp-elements-5ac9d0073b38b9838dcca76710402ea3 wp-block-paragraph\">Wir nehmen den Schutz Ihrer pers\u00f6nlichen Daten sehr ernst. Personenbezogene Daten werden auf dieser Website nur im technisch notwendigen Umfang sowie im Einklang mit der <strong>Datenschutz-Grundverordnung (DSGVO)<\/strong> und dem <strong>Telekommunikation-Telemedien-Datenschutz-Gesetz (TTDSG)<\/strong> verarbeitet.<\/p>\n\n\n\n<h4 class=\"wp-block-heading\">Mit wem wir deine Daten teilen<\/h4>\n\n\n\n<p class=\"has-kenta-accent-color has-text-color has-link-color wp-elements-9cc45c22a58a7a9e9ea9d9e706264aa4 wp-block-paragraph\">Wenn du eine Zur\u00fccksetzung des Passworts beantragst, wird deine IP-Adresse in der E-Mail zur Zur\u00fccksetzung enthalten sein.<\/p>\n\n\n\n<h4 class=\"wp-block-heading\">Hosting<\/h4>\n\n\n\n<p class=\"has-kenta-accent-color has-text-color has-link-color wp-elements-e27c7c91fd04bdab544884b5ecfe4a50 wp-block-paragraph\">Diese Website wird bei einem externen Dienstleister (STRATO AG) gehostet. Personenbezogene Daten, die auf dieser Website erfasst werden, werden auf den Servern des Hosters gespeichert.<\/p>\n\n\n\n<p class=\"has-kenta-accent-color has-text-color has-link-color wp-elements-9e593d9eed90f6360541f4475d534b3f wp-block-paragraph\"><strong>Rechtsgrundlage:<\/strong> Art. 6 Abs. 1 lit. f DSGVO (berechtigtes Interesse an sicherem Betrieb)<\/p>\n\n\n\n<h4 class=\"wp-block-heading\">Wohin Ihre Daten gesendet werden<\/h4>\n\n\n\n<p class=\"has-kenta-accent-color has-text-color has-link-color wp-elements-31c6e861b3fb1d51ebf386243365e232 wp-block-paragraph\">Besucher-Kommentare k\u00f6nnten von einem automatisierten Dienst zur Spam-Erkennung untersucht werden.<\/p>\n\n\n\n<h4 class=\"wp-block-heading\">Kommentare<\/h4>\n\n\n\n<p class=\"has-kenta-accent-color has-text-color has-link-color wp-elements-e7c30ea6588369b9b888f5bf0ce732d2 wp-block-paragraph\">Wenn Besucher Kommentare auf der Website schreiben, sammeln wir die Daten, die im Kommentar-Formular angezeigt werden, au\u00dferdem die IP-Adresse des Besuchers und den User-Agent-String (damit wird der Browser identifiziert), um die Erkennung von Spam zu unterst\u00fctzen.<\/p>\n\n\n\n<p class=\"has-kenta-accent-color has-text-color has-link-color wp-elements-0574db49657846504cc818bd3871ec38 wp-block-paragraph\">Aus Ihrer E-Mail-Adresse kann eine anonymisierte Zeichenfolge erstellt (auch Hash genannt) und dem Gravatar-Dienst \u00fcbergeben werden, um zu pr\u00fcfen, ob du diesen benutzt. Die Datenschutzerkl\u00e4rung des Gravatar-Dienstes finden Sie hier: https:\/\/automattic.com\/privacy\/. Nachdem dein Kommentar freigegeben wurde, ist Ihr Profilbild \u00f6ffentlich im Kontext deines Kommentars sichtbar.<\/p>\n\n\n\n<h4 class=\"wp-block-heading\">Medien<\/h4>\n\n\n\n<p class=\"has-kenta-accent-color has-text-color has-link-color wp-elements-745177bf0f2fbf047ed0aff68df33a7c wp-block-paragraph\">Wenn Sie ein registrierter Benutzer sind und Fotos auf diese Website l\u00e4dst, solltest du vermeiden, Fotos mit einem EXIF-GPS-Standort hochzuladen. Besucher dieser Website k\u00f6nnten Fotos, die auf dieser Website gespeichert sind, herunterladen und deren Standort-Informationen extrahieren.<\/p>\n\n\n\n<h4 class=\"wp-block-heading\">Sicherheit &amp; SSL<\/h4>\n\n\n\n<p class=\"has-kenta-accent-color has-text-color has-link-color wp-elements-ab0ebba0408013e748803b320f4a99fa wp-block-paragraph\">Diese Website nutzt SSL-Verschl\u00fcsselung (https:\/\/). Ihre Daten werden bei \u00dcbertragung gegen unbefugten Zugriff gesch\u00fctzt.<\/p>\n\n\n\n<h4 class=\"wp-block-heading\">Cookies und Tracking<\/h4>\n\n\n\n<p class=\"has-kenta-accent-color has-text-color has-link-color wp-elements-4f8d5c0b4bae05c7364e7582ecd01580 wp-block-paragraph\">Wenn Sie keinen Kommentar auf unserer Website schreibst, kann das eine Einwilligung sein, deinen Namen, E-Mail-Adresse und Website in Cookies zu speichern. Dies ist eine Komfortfunktion, damit Sie nicht, wenn Sie einen weiteren Kommentar schreiben, all diese Daten erneut eingeben musst. Diese Cookies werden ein Jahr lang gespeichert.<\/p>\n\n\n\n<p class=\"has-kenta-accent-color has-text-color has-link-color wp-elements-28394b832471ace96b32e79efa1c625e wp-block-paragraph\">Falls Sie kein Konto hast und Sie sich  auf dieser Website anmeldest, werden wir ein tempor\u00e4res Cookie setzen, um festzustellen, ob Ihr Browser Cookies akzeptiert. Dieses Cookie enth\u00e4lt keine personenbezogenen Daten und wird verworfen, wenn Sie Ihren Browser schlie\u00dfen.<\/p>\n\n\n\n<p class=\"has-kenta-accent-color has-text-color has-link-color wp-elements-8f31cb4a170bc265f03cbc778b74d10a wp-block-paragraph\">Wenn Sie sich anmelden, werden wir einige Cookies einrichten, um deine Anmeldeinformationen und Anzeigeoptionen zu speichern. Anmelde-Cookies verfallen nach zwei Tagen und Cookies f\u00fcr die Anzeigeoptionen nach einem Jahr. Falls Sie bei der Anmeldung \u201eAngemeldet bleiben\u201c ausw\u00e4hlen, wird Ihre Anmeldung zwei Wochen lang aufrechterhalten. Mit der Abmeldung aus Ihrem Konto werden die Anmelde-Cookies gel\u00f6scht.<\/p>\n\n\n\n<p class=\"has-kenta-accent-color has-text-color has-link-color wp-elements-4e247c9ced7ac12197f7732ca9981ed7 wp-block-paragraph\">Wenn Sie einen Artikel bearbeiten oder ver\u00f6ffentlichen, wird ein zus\u00e4tzlicher Cookie in Ihrem Browser gespeichert. Dieser Cookie enth\u00e4lt keine personenbezogenen Daten und verweist nur auf die Beitrags-ID des Artikels, den du gerade bearbeitet hast. Der Cookie verf\u00e4llt nach einem Tag.<\/p>\n\n\n\n<p class=\"has-kenta-accent-color has-text-color has-link-color wp-elements-100f63edcc3f49403024706ba80ec5d2 wp-block-paragraph\">Diese Website verwendet technisch notwendige Cookies. Optional k\u00f6nnen \u2013 nach Einwilligung \u2013 weitere Cookies (z.\u202fB. Google Analytics, YouTube, Social Media) eingesetzt werden. <\/p>\n\n\n\n<p class=\"has-kenta-accent-color has-text-color has-link-color wp-elements-09d2ff2d601b66a5bf70ed2f8f9a24a4 wp-block-paragraph\"><strong>Rechtsgrundlage:<\/strong> Art. 6 Abs. 1 lit. a DSGVO i.V.m. \u00a725 TTDSG<\/p>\n\n\n\n<h4 class=\"wp-block-heading\">Eingebettete Inhalte von anderen Websites<\/h4>\n\n\n\n<p class=\"has-kenta-accent-color has-text-color has-link-color wp-elements-92b7ff30ea6301f84ed9f9980c48e2e0 wp-block-paragraph\">Beitr\u00e4ge auf dieser Website k\u00f6nnen eingebettete Inhalte beinhalten (z.&nbsp;B. Videos, Bilder, Beitr\u00e4ge etc.). Eingebettete Inhalte von anderen Websites verhalten sich exakt so, als ob der Besucher die andere Website besucht h\u00e4tte.<\/p>\n\n\n\n<p class=\"has-kenta-accent-color has-text-color has-link-color wp-elements-55bcf118029c300e0bffeb77e94d3cbd wp-block-paragraph\">Diese Websites k\u00f6nnen Daten \u00fcber Sie sammeln, Cookies benutzen, zus\u00e4tzliche Tracking-Dienste von Dritten einbetten und Ihre Interaktion mit diesem eingebetteten Inhalt aufzeichnen, inklusive Ihrer Interaktion mit dem eingebetteten Inhalt, falls Sie ein Konto haben und auf dieser Website angemeldet sind.<\/p>\n\n\n\n<h4 class=\"wp-block-heading\">Wie lange wir deine Daten speichern<\/h4>\n\n\n\n<h5 class=\"wp-block-heading\">Erhebung und Speicherung personenbezogener Daten<\/h5>\n\n\n\n<h5 class=\"wp-block-heading\">Beim Besuch der Website<\/h5>\n\n\n\n<p class=\"has-kenta-accent-color has-text-color has-link-color wp-elements-9f835946fbe2bbbb293e514f3ccf1ad8 wp-block-paragraph\">Es werden automatisch Informationen erfasst, z.\u202fB.:<\/p>\n\n\n\n<ul class=\"wp-block-list\">\n<li class=\"has-kenta-accent-color has-text-color has-link-color wp-elements-5c15d0f0b9d53079eb4204bdb5383363\">IP-Adresse (gek\u00fcrzt)<\/li>\n\n\n\n<li class=\"has-kenta-accent-color has-text-color has-link-color wp-elements-b9fac18fa6f6b9fad3d0ae1b6ca09ff0\">Datum\/Uhrzeit des Zugriffs<\/li>\n\n\n\n<li class=\"has-kenta-accent-color has-text-color has-link-color wp-elements-54fdacef1e8164a39ac1f5b5f5c5f248\">Browsertyp &amp; Betriebssystem<\/li>\n\n\n\n<li class=\"has-kenta-accent-color has-text-color has-link-color wp-elements-5aa4dacba8af21a2ac345c7fdbfb3b5a\">Referrer-URL<\/li>\n<\/ul>\n\n\n\n<p class=\"has-kenta-accent-color has-text-color has-link-color wp-elements-007aecc595ba32bf1f65c34e1f734f8b wp-block-paragraph\">Diese Daten dienen der Sicherstellung der Funktionsf\u00e4higkeit der Seite (Logfiles, Sicherheit, Analyse in aggregierter Form).<\/p>\n\n\n\n<h4 class=\"wp-block-heading\">Kontaktaufnahme per E-Mail oder Formular<\/h4>\n\n\n\n<p class=\"has-kenta-accent-color has-text-color has-link-color wp-elements-4cb89061cd3161e193652070c334f538 wp-block-paragraph\">Ihre Angaben (Name, E-Mail, Nachricht) werden zur Bearbeitung Ihrer Anfrage verwendet.<\/p>\n\n\n\n<p class=\"has-kenta-accent-color has-text-color has-link-color wp-elements-76945e5a6a3006ab3c144c4a63318fb9 wp-block-paragraph\"><strong>Rechtsgrundlage:<\/strong> Art. 6 Abs. 1 lit. b DSGVO (Vertrag \/ Anfrage)<\/p>\n\n\n\n<p class=\"has-kenta-accent-color has-text-color has-link-color wp-elements-40a3407e2e8504a0a1018dd0bceecdd1 wp-block-paragraph\">Wenn du einen Kommentar schreibst, wird dieser inklusive Metadaten zeitlich unbegrenzt gespeichert. Auf diese Art k\u00f6nnen wir Folgekommentare automatisch erkennen und freigeben, anstatt sie in einer Moderations-Warteschlange festzuhalten.<\/p>\n\n\n\n<p class=\"has-kenta-accent-color has-text-color has-link-color wp-elements-6471447995f5fc0e370f0117f9086f0e wp-block-paragraph\">F\u00fcr Benutzer, die sich auf unserer Website registrieren, speichern wir zus\u00e4tzlich die pers\u00f6nlichen Informationen, die sie in ihren Benutzerprofilen angeben. Alle Benutzer k\u00f6nnen jederzeit ihre pers\u00f6nlichen Informationen einsehen, ver\u00e4ndern oder l\u00f6schen (der Benutzername kann nicht ver\u00e4ndert werden). Administratoren der Website k\u00f6nnen diese Informationen ebenfalls einsehen und ver\u00e4ndern.<\/p>\n\n\n\n<h4 class=\"wp-block-heading\">Welche Rechte haben Sie an Ihren Daten <\/h4>\n\n\n\n<p class=\"has-kenta-accent-color has-text-color has-link-color wp-elements-9c37e1560e53d8e19a9c9da52b43c3ad wp-block-paragraph\">Wenn Sie ein Konto auf dieser Website besitzen oder Kommentare geschrieben hast, kannst du einen Export deiner personenbezogenen Daten bei uns anfordern, inklusive aller Daten, die du uns mitgeteilt hast. Dar\u00fcber hinaus kannst Sie die L\u00f6schung aller personenbezogenen Daten, die wir von Ihnen gespeichert haben, anfordern. Dies umfasst nicht die Daten, die wir aufgrund administrativer, rechtlicher oder sicherheitsrelevanter Notwendigkeiten aufbewahren m\u00fcssen.<\/p>\n\n\n\n<h5 class=\"wp-block-heading\">Ihre Rechte<\/h5>\n\n\n\n<p class=\"has-kenta-accent-color has-text-color has-link-color wp-elements-5345dceabef69c643575cb824d82ba8a wp-block-paragraph\">Sie haben das Recht auf:<\/p>\n\n\n\n<ul class=\"wp-block-list\">\n<li class=\"has-kenta-accent-color has-text-color has-link-color wp-elements-53ae440812df3fa989a3af4588ef7891\">Auskunft (Art. 15 DSGVO)<\/li>\n\n\n\n<li class=\"has-kenta-accent-color has-text-color has-link-color wp-elements-7fe6e96beaa92f7543227f983b3beaed\">Berichtigung (Art. 16 DSGVO)<\/li>\n\n\n\n<li class=\"has-kenta-accent-color has-text-color has-link-color wp-elements-3eb42f3c4e45ed8b194823fca60bdbfb\">L\u00f6schung (Art. 17 DSGVO)<\/li>\n\n\n\n<li class=\"has-kenta-accent-color has-text-color has-link-color wp-elements-a493c063ff76c001140a8157d6531f80\">Einschr\u00e4nkung (Art. 18 DSGVO)<\/li>\n\n\n\n<li class=\"has-kenta-accent-color has-text-color has-link-color wp-elements-2bb66b2850b1dbb430e9bd5b86e90b76\">Daten\u00fcbertragbarkeit (Art. 20 DSGVO)<\/li>\n\n\n\n<li class=\"has-kenta-accent-color has-text-color has-link-color wp-elements-3b9b414ad997c4484a9dda09dcd1cf26\">Widerspruch gegen Verarbeitung (Art. 21 DSGVO)<\/li>\n<\/ul>\n\n\n\n<p class=\"has-kenta-accent-color has-text-color has-link-color wp-elements-34218f2a4936bf56fc3eb416e67c5e56 wp-block-paragraph\">Bitte wenden Sie sich dazu an: <a>webmaster@ecce-matrix.com<\/a><\/p>\n\n\n\n<h5 class=\"wp-block-heading\">Beschwerderecht bei der Aufsichtsbeh\u00f6rde<\/h5>\n\n\n\n<p class=\"has-kenta-accent-color has-text-color has-link-color wp-elements-948bebd266eafe942a929d415f99184f wp-block-paragraph\">Sie haben das Recht, sich bei einer Datenschutzaufsichtsbeh\u00f6rde zu beschweren (Art. 77 DSGVO), insbesondere in dem Mitgliedstaat Ihres Aufenthaltsortes oder Arbeitsplatzes.<\/p>\n\n\n\n<h5 class=\"wp-block-heading\">Bildrechte &amp; Medien<\/h5>\n\n\n\n<p class=\"has-kenta-accent-color has-text-color has-link-color wp-elements-4bcb0e365766b721ad6eae161fa38489 wp-block-paragraph\">Alle auf dieser Website verwendeten Bilder unterliegen dem Urheberrecht von ecce:MATRIX oder wurden \u00fcber rechtlich lizenzierte Quellen (z.\u202fB. Adobe Stock, OpenAI, DALL\u00b7E) eingebunden.<\/p>\n\n\n\n<p class=\"has-kenta-accent-color has-text-color has-link-color wp-elements-218c2c8763c2bac85c0efc88b7c559ab wp-block-paragraph\">Eine Verwendung oder Vervielf\u00e4ltigung ohne schriftliche Genehmigung ist untersagt.<\/p>\n\n\n\n<h5 class=\"wp-block-heading\">Aktualit\u00e4t und \u00c4nderung dieser Datenschutzerkl\u00e4rung<\/h5>\n\n\n\n<p class=\"has-kenta-accent-color has-text-color has-link-color wp-elements-82e8b7ebe68063b50b21a6a75d4d9515 wp-block-paragraph\">Diese Datenschutzerkl\u00e4rung ist aktuell g\u00fcltig (Stand: Juli 2025). Durch die Weiterentwicklung unserer Website oder gesetzliche Vorgaben kann eine Anpassung erforderlich werden.<\/p>\n","protected":false},"excerpt":{"rendered":"<p>VERANTWORTLICHKEIT Ihr Vertrauen ist uns wichtig \u2013 unser Umgang mit Daten. Die Adresse unserer Website ist: https:\/\/ecce-matrix.com. RECELURA UG (haftungsbeschr\u00e4nkt)Fasanenweg 766424 Homburg DeutschlandE-Mail: webmaster@ecce-matrix.com Allgemeines zur Datenverarbeitung Wir nehmen den Schutz Ihrer pers\u00f6nlichen Daten sehr ernst. Personenbezogene Daten werden auf dieser Website nur im technisch notwendigen Umfang sowie im Einklang mit der Datenschutz-Grundverordnung (DSGVO) und [&hellip;]<\/p>\n","protected":false},"author":1,"featured_media":0,"parent":0,"menu_order":0,"comment_status":"closed","ping_status":"closed","template":"","meta":{"_crdt_document":"","site-container-style":"default","site-container-layout":"default","site-sidebar-layout":"default","site-transparent-header":"default","disable-article-header":"default","disable-site-header":"default","disable-site-footer":"default","disable-content-area-spacing":"default","footnotes":""},"class_list":["post-7","page","type-page","status-publish","hentry"],"_links":{"self":[{"href":"https:\/\/ecce-matrix.com\/index.php?rest_route=\/wp\/v2\/pages\/7","targetHints":{"allow":["GET"]}}],"collection":[{"href":"https:\/\/ecce-matrix.com\/index.php?rest_route=\/wp\/v2\/pages"}],"about":[{"href":"https:\/\/ecce-matrix.com\/index.php?rest_route=\/wp\/v2\/types\/page"}],"author":[{"embeddable":true,"href":"https:\/\/ecce-matrix.com\/index.php?rest_route=\/wp\/v2\/users\/1"}],"replies":[{"embeddable":true,"href":"https:\/\/ecce-matrix.com\/index.php?rest_route=%2Fwp%2Fv2%2Fcomments&post=7"}],"version-history":[{"count":15,"href":"https:\/\/ecce-matrix.com\/index.php?rest_route=\/wp\/v2\/pages\/7\/revisions"}],"predecessor-version":[{"id":523,"href":"https:\/\/ecce-matrix.com\/index.php?rest_route=\/wp\/v2\/pages\/7\/revisions\/523"}],"wp:attachment":[{"href":"https:\/\/ecce-matrix.com\/index.php?rest_route=%2Fwp%2Fv2%2Fmedia&parent=7"}],"curies":[{"name":"wp","href":"https:\/\/api.w.org\/{rel}","templated":true}]}}